{"id":100,"date":"2024-01-10T12:07:38","date_gmt":"2024-01-10T12:07:38","guid":{"rendered":"https:\/\/corfusurf.com\/?page_id=100"},"modified":"2024-08-03T06:39:10","modified_gmt":"2024-08-03T06:39:10","slug":"imprint","status":"publish","type":"page","link":"https:\/\/corfusurf.com\/de\/imprint\/","title":{"rendered":"Impressum"},"content":{"rendered":"<h1 class=\"wp-block-heading has-text-align-center\">Impressum<\/h1>\n\n\n\n<h2 class=\"wp-block-heading\">Information provided according to Sec. 5 German Telemedia Act (TMG)<\/h2>\n\n\n\n<p>Kite-Club-Korfu \u2013 Surf Center Corfu<br>Templeton Andrea and B\u00fcrger Andreas<br>Wassersport<br>Vermietung und Verkauf<br>GR-490 84<br>Ag. Mathaeos \/ Chalikounas Kerkyra<\/p>\n\n\n\n<h2 class=\"wp-block-heading\">Kontakt<\/h2>\n\n\n\n<p>Telefon: +30 6977145614<br>E-Mail:&nbsp;<a href=\"mailto:info@corfusurf.com\">info@corfusurf.com<\/a><\/p>\n\n\n\n<h2 class=\"wp-block-heading\">VAT<\/h2>\n\n\n\n<p>Umsatzsteuer-Identifikationsnummer gem\u00e4\u00df \u00a727 a Umsatzsteuergesetz:<br>EL 800854394<br>DOY Kerkyra<\/p>\n\n\n\n<h2 class=\"wp-block-heading\">Streitschlichtung<\/h2>\n\n\n\n<p>Die Europ\u00e4ische Kommission stellt eine Plattform zur Online-Streitbeilegung (OS) bereit:\nhttps:\/\/ec.europa.eu\/consumers\/odr.\nUnsere E-Mail-Adresse finden Sie oben im Impressum.\n\nWir sind nicht bereit oder verpflichtet, an Streitbeilegungsverfahren vor einer Verbraucherschlichtungsstelle teilzunehmen.<br><a href=\"https:\/\/ec.europa.eu\/consumers\/odr\" target=\"_blank\" rel=\"noreferrer noopener\">https:\/\/ec.europa.eu\/consumers\/odr<\/a>. Unsere E-Mail-Adresse finden Sie oben im Impressum.<br><\/p>\n\n\n\n<p>We do not take part in online dispute resolutions at consumer arbitration boards.<\/p>\n\n\n\n<h3 class=\"wp-block-heading\">Haftung f\u00fcr Inhalte<\/h3>\n\n\n\n<p>Als Diensteanbieter sind wir gem\u00e4\u00df \u00a7 7 Abs.1 TMG f\u00fcr eigene Inhalte auf diesen Seiten nach den allgemeinen Gesetzen verantwortlich. Nach \u00a7\u00a7 8 bis 10 TMG sind wir als Diensteanbieter jedoch nicht verpflichtet, \u00fcbermittelte oder gespeicherte fremde Informationen zu \u00fcberwachen oder nach Umst\u00e4nden zu forschen, die auf eine rechtswidrige T\u00e4tigkeit hinweisen.<\/p>\n\n\n\n<p>Verpflichtungen zur Entfernung oder Sperrung der Nutzung von Informationen nach den allgemeinen Gesetzen bleiben hiervon unber\u00fchrt. Eine diesbez\u00fcgliche Haftung ist jedoch erst ab dem Zeitpunkt der Kenntnis einer konkreten Rechtsverletzung m\u00f6glich. Bei Bekanntwerden von entsprechenden Rechtsverletzungen werden wir diese Inhalte umgehend entfernen.<\/p>\n\n\n\n<h3 class=\"wp-block-heading\">Haftung f\u00fcr Links<\/h3>\n\n\n\n<p>Unser Angebot enth\u00e4lt Links zu externen Websites Dritter, auf deren Inhalte wir keinen Einfluss haben. Deshalb k\u00f6nnen wir f\u00fcr diese fremden Inhalte auch keine Gew\u00e4hr \u00fcbernehmen. F\u00fcr die Inhalte der verlinkten Seiten ist stets der jeweilige Anbieter oder Betreiber der Seiten verantwortlich. Die verlinkten Seiten wurden zum Zeitpunkt der Verlinkung auf m\u00f6gliche Rechtsverst\u00f6\u00dfe \u00fcberpr\u00fcft. Rechtswidrige Inhalte waren zum Zeitpunkt der Verlinkung nicht erkennbar.<\/p>\n\n\n\n<p>Eine permanente inhaltliche Kontrolle der verlinkten Seiten ist jedoch ohne konkrete Anhaltspunkte einer Rechtsverletzung nicht zumutbar. Bei Bekanntwerden von Rechtsverletzungen werden wir derartige Links umgehend entfernen.<\/p>\n\n\n\n<h3 class=\"wp-block-heading\">Urheberrecht<\/h3>\n\n\n\n<p>Die durch die Seitenbetreiber erstellten Inhalte und Werke auf diesen Seiten unterliegen dem deutschen Urheberrecht. Die Vervielf\u00e4ltigung, Bearbeitung, Verbreitung und jede Art der Verwertung au\u00dferhalb der Grenzen des Urheberrechtes bed\u00fcrfen der schriftlichen Zustimmung des jeweiligen Autors bzw. Erstellers. Downloads und Kopien dieser Seite sind nur f\u00fcr den privaten, nicht kommerziellen Gebrauch gestattet.<br>The commercial use of our contents without permission of the originator is prohibited.<\/p>\n\n\n\n<p>Soweit die Inhalte auf dieser Seite nicht vom Betreiber erstellt wurden, werden die Urheberrechte Dritter beachtet. Insbesondere werden Inhalte Dritter als solche gekennzeichnet. Sollten Sie trotzdem auf eine Urheberrechtsverletzung aufmerksam werden, bitten wir um einen entsprechenden Hinweis. Bei Bekanntwerden von Rechtsverletzungen werden wir derartige Inhalte umgehend entfernen.<\/p>","protected":false},"excerpt":{"rendered":"<p>Imprint Information provided according to Sec. 5 German Telemedia Act (TMG) Kite-Club-Korfu \u2013 Surf Center CorfuTempleton Andrea and B\u00fcrger AndreasWater Sport EquipmentRent and SellGR-490 84Ag. Mathaeos\/Chalikunas Kerkyra Contact Phone: +30 6977145614E-Mail:&nbsp;info@corfusurf.com VAT VAT Id number according to Sec. 27 a German Value Added Tax Act:EL 800854394DOY Kerkyra Dispute resolution The European Commission provides a platform&#8230;<\/p>","protected":false},"author":1,"featured_media":0,"parent":0,"menu_order":0,"comment_status":"closed","ping_status":"closed","template":"","meta":{"_kad_post_transparent":"","_kad_post_title":"","_kad_post_layout":"","_kad_post_sidebar_id":"","_kad_post_content_style":"","_kad_post_vertical_padding":"","_kad_post_feature":"","_kad_post_feature_position":"","_kad_post_header":false,"_kad_post_footer":false,"_kad_post_classname":"","footnotes":""},"class_list":["post-100","page","type-page","status-publish","hentry"],"yoast_head":"<!-- This site is optimized with the Yoast SEO plugin v27.2 - https:\/\/yoast.com\/product\/yoast-seo-wordpress\/ -->\n<title>Imprint - Corfu Surf<\/title>\n<meta name=\"robots\" content=\"index, follow, max-snippet:-1, max-image-preview:large, max-video-preview:-1\" \/>\n<link rel=\"canonical\" href=\"https:\/\/corfusurf.com\/de\/imprint\/\" \/>\n<meta property=\"og:locale\" content=\"de_DE\" \/>\n<meta property=\"og:type\" content=\"article\" \/>\n<meta property=\"og:title\" content=\"Imprint - Corfu Surf\" \/>\n<meta property=\"og:description\" content=\"Imprint Information provided according to Sec. 5 German Telemedia Act (TMG) Kite-Club-Korfu \u2013 Surf Center CorfuTempleton Andrea and B\u00fcrger AndreasWater Sport EquipmentRent and SellGR-490 84Ag. Mathaeos\/Chalikunas Kerkyra Contact Phone: +30 6977145614E-Mail:&nbsp;info@corfusurf.com VAT VAT Id number according to Sec. 27 a German Value Added Tax Act:EL 800854394DOY Kerkyra Dispute resolution The European Commission provides a platform...\" \/>\n<meta property=\"og:url\" content=\"https:\/\/corfusurf.com\/de\/imprint\/\" \/>\n<meta property=\"og:site_name\" content=\"Corfu Surf\" \/>\n<meta property=\"article:modified_time\" content=\"2024-08-03T06:39:10+00:00\" \/>\n<meta name=\"twitter:card\" content=\"summary_large_image\" \/>\n<meta name=\"twitter:label1\" content=\"Gesch\u00e4tzte Lesezeit\" \/>\n\t<meta name=\"twitter:data1\" content=\"2\u00a0Minuten\" \/>\n<script type=\"application\/ld+json\" class=\"yoast-schema-graph\">{\"@context\":\"https:\/\/schema.org\",\"@graph\":[{\"@type\":\"WebPage\",\"@id\":\"https:\/\/corfusurf.com\/imprint\/\",\"url\":\"https:\/\/corfusurf.com\/imprint\/\",\"name\":\"Imprint - Corfu Surf\",\"isPartOf\":{\"@id\":\"https:\/\/corfusurf.com\/#website\"},\"datePublished\":\"2024-01-10T12:07:38+00:00\",\"dateModified\":\"2024-08-03T06:39:10+00:00\",\"breadcrumb\":{\"@id\":\"https:\/\/corfusurf.com\/imprint\/#breadcrumb\"},\"inLanguage\":\"de\",\"potentialAction\":[{\"@type\":\"ReadAction\",\"target\":[\"https:\/\/corfusurf.com\/imprint\/\"]}]},{\"@type\":\"BreadcrumbList\",\"@id\":\"https:\/\/corfusurf.com\/imprint\/#breadcrumb\",\"itemListElement\":[{\"@type\":\"ListItem\",\"position\":1,\"name\":\"Home\",\"item\":\"https:\/\/corfusurf.com\/\"},{\"@type\":\"ListItem\",\"position\":2,\"name\":\"Imprint\"}]},{\"@type\":\"WebSite\",\"@id\":\"https:\/\/corfusurf.com\/#website\",\"url\":\"https:\/\/corfusurf.com\/\",\"name\":\"Corfu Surf\",\"description\":\"Kitesurf, Wingfoil and Windsurf\",\"publisher\":{\"@id\":\"https:\/\/corfusurf.com\/#organization\"},\"potentialAction\":[{\"@type\":\"SearchAction\",\"target\":{\"@type\":\"EntryPoint\",\"urlTemplate\":\"https:\/\/corfusurf.com\/?s={search_term_string}\"},\"query-input\":{\"@type\":\"PropertyValueSpecification\",\"valueRequired\":true,\"valueName\":\"search_term_string\"}}],\"inLanguage\":\"de\"},{\"@type\":\"Organization\",\"@id\":\"https:\/\/corfusurf.com\/#organization\",\"name\":\"Corfu Surf\",\"url\":\"https:\/\/corfusurf.com\/\",\"logo\":{\"@type\":\"ImageObject\",\"inLanguage\":\"de\",\"@id\":\"https:\/\/corfusurf.com\/#\/schema\/logo\/image\/\",\"url\":\"https:\/\/corfusurf.com\/wp-content\/uploads\/2024\/04\/cropped-cropped-Corfu-Surf-Combined-Logo-April-2024.png\",\"contentUrl\":\"https:\/\/corfusurf.com\/wp-content\/uploads\/2024\/04\/cropped-cropped-Corfu-Surf-Combined-Logo-April-2024.png\",\"width\":512,\"height\":512,\"caption\":\"Corfu Surf\"},\"image\":{\"@id\":\"https:\/\/corfusurf.com\/#\/schema\/logo\/image\/\"}}]}<\/script>\n<!-- \/ Yoast SEO plugin. -->","yoast_head_json":{"title":"Imprint - Corfu Surf","robots":{"index":"index","follow":"follow","max-snippet":"max-snippet:-1","max-image-preview":"max-image-preview:large","max-video-preview":"max-video-preview:-1"},"canonical":"https:\/\/corfusurf.com\/de\/imprint\/","og_locale":"de_DE","og_type":"article","og_title":"Imprint - Corfu Surf","og_description":"Imprint Information provided according to Sec. 5 German Telemedia Act (TMG) Kite-Club-Korfu \u2013 Surf Center CorfuTempleton Andrea and B\u00fcrger AndreasWater Sport EquipmentRent and SellGR-490 84Ag. Mathaeos\/Chalikunas Kerkyra Contact Phone: +30 6977145614E-Mail:&nbsp;info@corfusurf.com VAT VAT Id number according to Sec. 27 a German Value Added Tax Act:EL 800854394DOY Kerkyra Dispute resolution The European Commission provides a platform...","og_url":"https:\/\/corfusurf.com\/de\/imprint\/","og_site_name":"Corfu Surf","article_modified_time":"2024-08-03T06:39:10+00:00","twitter_card":"summary_large_image","twitter_misc":{"Gesch\u00e4tzte Lesezeit":"2\u00a0Minuten"},"schema":{"@context":"https:\/\/schema.org","@graph":[{"@type":"WebPage","@id":"https:\/\/corfusurf.com\/imprint\/","url":"https:\/\/corfusurf.com\/imprint\/","name":"Imprint - Corfu Surf","isPartOf":{"@id":"https:\/\/corfusurf.com\/#website"},"datePublished":"2024-01-10T12:07:38+00:00","dateModified":"2024-08-03T06:39:10+00:00","breadcrumb":{"@id":"https:\/\/corfusurf.com\/imprint\/#breadcrumb"},"inLanguage":"de","potentialAction":[{"@type":"ReadAction","target":["https:\/\/corfusurf.com\/imprint\/"]}]},{"@type":"BreadcrumbList","@id":"https:\/\/corfusurf.com\/imprint\/#breadcrumb","itemListElement":[{"@type":"ListItem","position":1,"name":"Home","item":"https:\/\/corfusurf.com\/"},{"@type":"ListItem","position":2,"name":"Imprint"}]},{"@type":"WebSite","@id":"https:\/\/corfusurf.com\/#website","url":"https:\/\/corfusurf.com\/","name":"Corfu Surf","description":"Kitesurf, Wingfoil and Windsurf","publisher":{"@id":"https:\/\/corfusurf.com\/#organization"},"potentialAction":[{"@type":"SearchAction","target":{"@type":"EntryPoint","urlTemplate":"https:\/\/corfusurf.com\/?s={search_term_string}"},"query-input":{"@type":"PropertyValueSpecification","valueRequired":true,"valueName":"search_term_string"}}],"inLanguage":"de"},{"@type":"Organization","@id":"https:\/\/corfusurf.com\/#organization","name":"Corfu Surf","url":"https:\/\/corfusurf.com\/","logo":{"@type":"ImageObject","inLanguage":"de","@id":"https:\/\/corfusurf.com\/#\/schema\/logo\/image\/","url":"https:\/\/corfusurf.com\/wp-content\/uploads\/2024\/04\/cropped-cropped-Corfu-Surf-Combined-Logo-April-2024.png","contentUrl":"https:\/\/corfusurf.com\/wp-content\/uploads\/2024\/04\/cropped-cropped-Corfu-Surf-Combined-Logo-April-2024.png","width":512,"height":512,"caption":"Corfu Surf"},"image":{"@id":"https:\/\/corfusurf.com\/#\/schema\/logo\/image\/"}}]}},"jetpack_sharing_enabled":true,"_links":{"self":[{"href":"https:\/\/corfusurf.com\/de\/wp-json\/wp\/v2\/pages\/100","targetHints":{"allow":["GET"]}}],"collection":[{"href":"https:\/\/corfusurf.com\/de\/wp-json\/wp\/v2\/pages"}],"about":[{"href":"https:\/\/corfusurf.com\/de\/wp-json\/wp\/v2\/types\/page"}],"author":[{"embeddable":true,"href":"https:\/\/corfusurf.com\/de\/wp-json\/wp\/v2\/users\/1"}],"replies":[{"embeddable":true,"href":"https:\/\/corfusurf.com\/de\/wp-json\/wp\/v2\/comments?post=100"}],"version-history":[{"count":8,"href":"https:\/\/corfusurf.com\/de\/wp-json\/wp\/v2\/pages\/100\/revisions"}],"predecessor-version":[{"id":866,"href":"https:\/\/corfusurf.com\/de\/wp-json\/wp\/v2\/pages\/100\/revisions\/866"}],"wp:attachment":[{"href":"https:\/\/corfusurf.com\/de\/wp-json\/wp\/v2\/media?parent=100"}],"curies":[{"name":"wp","href":"https:\/\/api.w.org\/{rel}","templated":true}]}}